{"id":838,"date":"2020-06-08T19:41:54","date_gmt":"2020-06-08T22:41:54","guid":{"rendered":"http:\/\/choppgermaniabrooklin.com.br\/produto\/import-placeholder-for-2\/"},"modified":"2022-12-15T19:04:05","modified_gmt":"2022-12-15T22:04:05","slug":"cerveja-long-neck-clara-355ml","status":"publish","type":"product","link":"https:\/\/choppgermaniabrooklin.com.br\/loja\/produto\/cerveja-long-neck-clara-355ml\/","title":{"rendered":"Cerveja Long Neck &#8211; Clara (355ml)"},"content":{"rendered":"<p>O estilo pilsen \u00e9 altamente refrescante, de colora\u00e7\u00e3o amarelo claro e com baixo amargor e de f\u00e1cil degusta\u00e7\u00e3o. A boa forma\u00e7\u00e3o de espuma conversa a qualidade do malte e l\u00fapulo, como manda a lei da pureza alem\u00e3 (\u00e1gua, malte e l\u00fapulo).<\/p>\n","protected":false},"excerpt":{"rendered":"<p>Cerveja Long Neck &#8211; Clara (355ml)<\/p>\n","protected":false},"featured_media":1012,"comment_status":"open","ping_status":"closed","template":"","meta":{"_uag_custom_page_level_css":""},"product_cat":[25],"product_tag":[],"uagb_featured_image_src":{"full":["https:\/\/choppgermaniabrooklin.com.br\/loja\/wp-content\/uploads\/2020\/06\/Cerveja-Pilsen-Germania-355ml-long-neck.jpg",449,449,false],"thumbnail":["https:\/\/choppgermaniabrooklin.com.br\/loja\/wp-content\/uploads\/2020\/06\/Cerveja-Pilsen-Germania-355ml-long-neck-150x150.jpg",150,150,true],"medium":["https:\/\/choppgermaniabrooklin.com.br\/loja\/wp-content\/uploads\/2020\/06\/Cerveja-Pilsen-Germania-355ml-long-neck-300x300.jpg",300,300,true],"medium_large":["https:\/\/choppgermaniabrooklin.com.br\/loja\/wp-content\/uploads\/2020\/06\/Cerveja-Pilsen-Germania-355ml-long-neck.jpg",449,449,false],"large":["https:\/\/choppgermaniabrooklin.com.br\/loja\/wp-content\/uploads\/2020\/06\/Cerveja-Pilsen-Germania-355ml-long-neck.jpg",449,449,false],"1536x1536":["https:\/\/choppgermaniabrooklin.com.br\/loja\/wp-content\/uploads\/2020\/06\/Cerveja-Pilsen-Germania-355ml-long-neck.jpg",449,449,false],"2048x2048":["https:\/\/choppgermaniabrooklin.com.br\/loja\/wp-content\/uploads\/2020\/06\/Cerveja-Pilsen-Germania-355ml-long-neck.jpg",449,449,false],"woocommerce_thumbnail":["https:\/\/choppgermaniabrooklin.com.br\/loja\/wp-content\/uploads\/2020\/06\/Cerveja-Pilsen-Germania-355ml-long-neck-300x300.jpg",300,300,true],"woocommerce_single":["https:\/\/choppgermaniabrooklin.com.br\/loja\/wp-content\/uploads\/2020\/06\/Cerveja-Pilsen-Germania-355ml-long-neck.jpg",449,449,false],"woocommerce_gallery_thumbnail":["https:\/\/choppgermaniabrooklin.com.br\/loja\/wp-content\/uploads\/2020\/06\/Cerveja-Pilsen-Germania-355ml-long-neck-100x100.jpg",100,100,true]},"uagb_author_info":{"display_name":"super","author_link":"https:\/\/choppgermaniabrooklin.com.br\/loja\/author\/"},"uagb_comment_info":0,"uagb_excerpt":"Cerveja Long Neck - Clara (355ml)","_links":{"self":[{"href":"https:\/\/choppgermaniabrooklin.com.br\/loja\/wp-json\/wp\/v2\/product\/838"}],"collection":[{"href":"https:\/\/choppgermaniabrooklin.com.br\/loja\/wp-json\/wp\/v2\/product"}],"about":[{"href":"https:\/\/choppgermaniabrooklin.com.br\/loja\/wp-json\/wp\/v2\/types\/product"}],"replies":[{"embeddable":true,"href":"https:\/\/choppgermaniabrooklin.com.br\/loja\/wp-json\/wp\/v2\/comments?post=838"}],"wp:featuredmedia":[{"embeddable":true,"href":"https:\/\/choppgermaniabrooklin.com.br\/loja\/wp-json\/wp\/v2\/media\/1012"}],"wp:attachment":[{"href":"https:\/\/choppgermaniabrooklin.com.br\/loja\/wp-json\/wp\/v2\/media?parent=838"}],"wp:term":[{"taxonomy":"product_cat","embeddable":true,"href":"https:\/\/choppgermaniabrooklin.com.br\/loja\/wp-json\/wp\/v2\/product_cat?post=838"},{"taxonomy":"product_tag","embeddable":true,"href":"https:\/\/choppgermaniabrooklin.com.br\/loja\/wp-json\/wp\/v2\/product_tag?post=838"}],"curies":[{"name":"wp","href":"https:\/\/api.w.org\/{rel}","templated":true}]}}