{"id":841,"date":"2020-06-08T19:41:55","date_gmt":"2020-06-08T22:41:55","guid":{"rendered":"http:\/\/choppgermaniabrooklin.com.br\/produto\/import-placeholder-for-5\/"},"modified":"2023-08-01T04:07:50","modified_gmt":"2023-08-01T07:07:50","slug":"cerveja-long-neck-lake-side-355ml","status":"publish","type":"product","link":"https:\/\/choppgermaniabrooklin.com.br\/loja\/produto\/cerveja-long-neck-lake-side-355ml\/","title":{"rendered":"Cerveja Long Neck &#8211; Lake Side (355ml)"},"content":{"rendered":"<p>\u00c9 a primeira cerveja nacional sem gl\u00faten, apta para cel\u00edacos. Com menos de 6ppm utiliza o processo de degrada\u00e7\u00e3o do gl\u00faten preservando o sabor e os aromas da cerveja.a principal caracter\u00edstica desta cerveja \u00e9 agradar a diversos paladares. A lake side beer \u00e9 uma cerveja com teor alco\u00f3lico de 4,5%, um n\u00famero normal comparado \u00e0s demais cervejas lager do mercado.<\/p>\n","protected":false},"excerpt":{"rendered":"<p>Cerveja Long Neck &#8211; Lake Side (355ml)<\/p>\n","protected":false},"featured_media":378,"comment_status":"open","ping_status":"closed","template":"","meta":{"_uag_custom_page_level_css":""},"product_cat":[25],"product_tag":[],"uagb_featured_image_src":{"full":["https:\/\/choppgermaniabrooklin.com.br\/loja\/wp-content\/uploads\/2020\/06\/18-lake-side-beer-6-germnia-355ml.jpg",449,449,false],"thumbnail":["https:\/\/choppgermaniabrooklin.com.br\/loja\/wp-content\/uploads\/2020\/06\/18-lake-side-beer-6-germnia-355ml-150x150.jpg",150,150,true],"medium":["https:\/\/choppgermaniabrooklin.com.br\/loja\/wp-content\/uploads\/2020\/06\/18-lake-side-beer-6-germnia-355ml-300x300.jpg",300,300,true],"medium_large":["https:\/\/choppgermaniabrooklin.com.br\/loja\/wp-content\/uploads\/2020\/06\/18-lake-side-beer-6-germnia-355ml.jpg",449,449,false],"large":["https:\/\/choppgermaniabrooklin.com.br\/loja\/wp-content\/uploads\/2020\/06\/18-lake-side-beer-6-germnia-355ml.jpg",449,449,false],"1536x1536":["https:\/\/choppgermaniabrooklin.com.br\/loja\/wp-content\/uploads\/2020\/06\/18-lake-side-beer-6-germnia-355ml.jpg",449,449,false],"2048x2048":["https:\/\/choppgermaniabrooklin.com.br\/loja\/wp-content\/uploads\/2020\/06\/18-lake-side-beer-6-germnia-355ml.jpg",449,449,false],"woocommerce_thumbnail":["https:\/\/choppgermaniabrooklin.com.br\/loja\/wp-content\/uploads\/2020\/06\/18-lake-side-beer-6-germnia-355ml-300x300.jpg",300,300,true],"woocommerce_single":["https:\/\/choppgermaniabrooklin.com.br\/loja\/wp-content\/uploads\/2020\/06\/18-lake-side-beer-6-germnia-355ml.jpg",449,449,false],"woocommerce_gallery_thumbnail":["https:\/\/choppgermaniabrooklin.com.br\/loja\/wp-content\/uploads\/2020\/06\/18-lake-side-beer-6-germnia-355ml-100x100.jpg",100,100,true]},"uagb_author_info":{"display_name":"super","author_link":"https:\/\/choppgermaniabrooklin.com.br\/loja\/author\/"},"uagb_comment_info":1,"uagb_excerpt":"Cerveja Long Neck - Lake Side (355ml)","_links":{"self":[{"href":"https:\/\/choppgermaniabrooklin.com.br\/loja\/wp-json\/wp\/v2\/product\/841"}],"collection":[{"href":"https:\/\/choppgermaniabrooklin.com.br\/loja\/wp-json\/wp\/v2\/product"}],"about":[{"href":"https:\/\/choppgermaniabrooklin.com.br\/loja\/wp-json\/wp\/v2\/types\/product"}],"replies":[{"embeddable":true,"href":"https:\/\/choppgermaniabrooklin.com.br\/loja\/wp-json\/wp\/v2\/comments?post=841"}],"wp:featuredmedia":[{"embeddable":true,"href":"https:\/\/choppgermaniabrooklin.com.br\/loja\/wp-json\/wp\/v2\/media\/378"}],"wp:attachment":[{"href":"https:\/\/choppgermaniabrooklin.com.br\/loja\/wp-json\/wp\/v2\/media?parent=841"}],"wp:term":[{"taxonomy":"product_cat","embeddable":true,"href":"https:\/\/choppgermaniabrooklin.com.br\/loja\/wp-json\/wp\/v2\/product_cat?post=841"},{"taxonomy":"product_tag","embeddable":true,"href":"https:\/\/choppgermaniabrooklin.com.br\/loja\/wp-json\/wp\/v2\/product_tag?post=841"}],"curies":[{"name":"wp","href":"https:\/\/api.w.org\/{rel}","templated":true}]}}