{"id":847,"date":"2020-06-08T19:41:56","date_gmt":"2020-06-08T22:41:56","guid":{"rendered":"http:\/\/choppgermaniabrooklin.com.br\/produto\/import-placeholder-for-11\/"},"modified":"2022-12-15T19:04:08","modified_gmt":"2022-12-15T22:04:08","slug":"cerveja-puro-malte-600ml","status":"publish","type":"product","link":"https:\/\/choppgermaniabrooklin.com.br\/loja\/produto\/cerveja-puro-malte-600ml\/","title":{"rendered":"Cerveja Puro Malte (600ml)"},"content":{"rendered":"<p>Lager de colora\u00e7\u00e3o ouro-velho de baixo amargor, com o excelente equil\u00edbrio entre o malte selecionado e o l\u00fapulo, torna-se agrad\u00e1vel e refrescante em todos os momentos. Cerveja recebeu premia\u00e7\u00f5es no festival brasileiro da cerveja, world beer challenge e world beer awards e possui a certifica\u00e7\u00e3o da international taste e quality institute.<\/p>\n","protected":false},"excerpt":{"rendered":"<p>Cerveja Puro Malte (600ml)<\/p>\n","protected":false},"featured_media":383,"comment_status":"open","ping_status":"closed","template":"","meta":{"_uag_custom_page_level_css":""},"product_cat":[25],"product_tag":[],"uagb_featured_image_src":{"full":["https:\/\/choppgermaniabrooklin.com.br\/loja\/wp-content\/uploads\/2020\/06\/Cerveja-Germania-Puro-Malte-600ml-700x467-1.jpg",449,449,false],"thumbnail":["https:\/\/choppgermaniabrooklin.com.br\/loja\/wp-content\/uploads\/2020\/06\/Cerveja-Germania-Puro-Malte-600ml-700x467-1-150x150.jpg",150,150,true],"medium":["https:\/\/choppgermaniabrooklin.com.br\/loja\/wp-content\/uploads\/2020\/06\/Cerveja-Germania-Puro-Malte-600ml-700x467-1-300x300.jpg",300,300,true],"medium_large":["https:\/\/choppgermaniabrooklin.com.br\/loja\/wp-content\/uploads\/2020\/06\/Cerveja-Germania-Puro-Malte-600ml-700x467-1.jpg",449,449,false],"large":["https:\/\/choppgermaniabrooklin.com.br\/loja\/wp-content\/uploads\/2020\/06\/Cerveja-Germania-Puro-Malte-600ml-700x467-1.jpg",449,449,false],"1536x1536":["https:\/\/choppgermaniabrooklin.com.br\/loja\/wp-content\/uploads\/2020\/06\/Cerveja-Germania-Puro-Malte-600ml-700x467-1.jpg",449,449,false],"2048x2048":["https:\/\/choppgermaniabrooklin.com.br\/loja\/wp-content\/uploads\/2020\/06\/Cerveja-Germania-Puro-Malte-600ml-700x467-1.jpg",449,449,false],"woocommerce_thumbnail":["https:\/\/choppgermaniabrooklin.com.br\/loja\/wp-content\/uploads\/2020\/06\/Cerveja-Germania-Puro-Malte-600ml-700x467-1-300x300.jpg",300,300,true],"woocommerce_single":["https:\/\/choppgermaniabrooklin.com.br\/loja\/wp-content\/uploads\/2020\/06\/Cerveja-Germania-Puro-Malte-600ml-700x467-1.jpg",449,449,false],"woocommerce_gallery_thumbnail":["https:\/\/choppgermaniabrooklin.com.br\/loja\/wp-content\/uploads\/2020\/06\/Cerveja-Germania-Puro-Malte-600ml-700x467-1-100x100.jpg",100,100,true]},"uagb_author_info":{"display_name":"super","author_link":"https:\/\/choppgermaniabrooklin.com.br\/loja\/author\/"},"uagb_comment_info":0,"uagb_excerpt":"Cerveja Puro Malte (600ml)","_links":{"self":[{"href":"https:\/\/choppgermaniabrooklin.com.br\/loja\/wp-json\/wp\/v2\/product\/847"}],"collection":[{"href":"https:\/\/choppgermaniabrooklin.com.br\/loja\/wp-json\/wp\/v2\/product"}],"about":[{"href":"https:\/\/choppgermaniabrooklin.com.br\/loja\/wp-json\/wp\/v2\/types\/product"}],"replies":[{"embeddable":true,"href":"https:\/\/choppgermaniabrooklin.com.br\/loja\/wp-json\/wp\/v2\/comments?post=847"}],"wp:featuredmedia":[{"embeddable":true,"href":"https:\/\/choppgermaniabrooklin.com.br\/loja\/wp-json\/wp\/v2\/media\/383"}],"wp:attachment":[{"href":"https:\/\/choppgermaniabrooklin.com.br\/loja\/wp-json\/wp\/v2\/media?parent=847"}],"wp:term":[{"taxonomy":"product_cat","embeddable":true,"href":"https:\/\/choppgermaniabrooklin.com.br\/loja\/wp-json\/wp\/v2\/product_cat?post=847"},{"taxonomy":"product_tag","embeddable":true,"href":"https:\/\/choppgermaniabrooklin.com.br\/loja\/wp-json\/wp\/v2\/product_tag?post=847"}],"curies":[{"name":"wp","href":"https:\/\/api.w.org\/{rel}","templated":true}]}}