{"id":854,"date":"2020-06-08T19:41:58","date_gmt":"2020-06-08T22:41:58","guid":{"rendered":"http:\/\/choppgermaniabrooklin.com.br\/produto\/import-placeholder-for-18\/"},"modified":"2025-04-25T11:07:50","modified_gmt":"2025-04-25T14:07:50","slug":"chopp-claro","status":"publish","type":"product","link":"https:\/\/choppgermaniabrooklin.com.br\/loja\/produto\/chopp-claro\/","title":{"rendered":"Chopp Claro"},"content":{"rendered":"<p>O estilo Pilsen \u00e9 altamente refrescante, de colora\u00e7\u00e3o amarelo claro e com baixo amargor e de f\u00e1cil degusta\u00e7\u00e3o. A boa forma\u00e7\u00e3o de espuma conversa a qualidade do malte e l\u00fapulo, como manda a Lei da Pureza Alem\u00e3 (\u00e1gua, malte e l\u00fapulo).<\/p>\n","protected":false},"excerpt":{"rendered":"<p>Chopp Claro<\/p>\n","protected":false},"featured_media":651,"comment_status":"open","ping_status":"closed","template":"","meta":{"_uag_custom_page_level_css":""},"product_cat":[29],"product_tag":[],"uagb_featured_image_src":{"full":["https:\/\/choppgermaniabrooklin.com.br\/loja\/wp-content\/uploads\/2020\/06\/Germania_Pilsen20Barril.jpg",449,449,false],"thumbnail":["https:\/\/choppgermaniabrooklin.com.br\/loja\/wp-content\/uploads\/2020\/06\/Germania_Pilsen20Barril-150x150.jpg",150,150,true],"medium":["https:\/\/choppgermaniabrooklin.com.br\/loja\/wp-content\/uploads\/2020\/06\/Germania_Pilsen20Barril-300x300.jpg",300,300,true],"medium_large":["https:\/\/choppgermaniabrooklin.com.br\/loja\/wp-content\/uploads\/2020\/06\/Germania_Pilsen20Barril.jpg",449,449,false],"large":["https:\/\/choppgermaniabrooklin.com.br\/loja\/wp-content\/uploads\/2020\/06\/Germania_Pilsen20Barril.jpg",449,449,false],"1536x1536":["https:\/\/choppgermaniabrooklin.com.br\/loja\/wp-content\/uploads\/2020\/06\/Germania_Pilsen20Barril.jpg",449,449,false],"2048x2048":["https:\/\/choppgermaniabrooklin.com.br\/loja\/wp-content\/uploads\/2020\/06\/Germania_Pilsen20Barril.jpg",449,449,false],"woocommerce_thumbnail":["https:\/\/choppgermaniabrooklin.com.br\/loja\/wp-content\/uploads\/2020\/06\/Germania_Pilsen20Barril-300x300.jpg",300,300,true],"woocommerce_single":["https:\/\/choppgermaniabrooklin.com.br\/loja\/wp-content\/uploads\/2020\/06\/Germania_Pilsen20Barril.jpg",449,449,false],"woocommerce_gallery_thumbnail":["https:\/\/choppgermaniabrooklin.com.br\/loja\/wp-content\/uploads\/2020\/06\/Germania_Pilsen20Barril-100x100.jpg",100,100,true]},"uagb_author_info":{"display_name":"super","author_link":"https:\/\/choppgermaniabrooklin.com.br\/loja\/author\/"},"uagb_comment_info":0,"uagb_excerpt":"Chopp Claro","_links":{"self":[{"href":"https:\/\/choppgermaniabrooklin.com.br\/loja\/wp-json\/wp\/v2\/product\/854"}],"collection":[{"href":"https:\/\/choppgermaniabrooklin.com.br\/loja\/wp-json\/wp\/v2\/product"}],"about":[{"href":"https:\/\/choppgermaniabrooklin.com.br\/loja\/wp-json\/wp\/v2\/types\/product"}],"replies":[{"embeddable":true,"href":"https:\/\/choppgermaniabrooklin.com.br\/loja\/wp-json\/wp\/v2\/comments?post=854"}],"wp:featuredmedia":[{"embeddable":true,"href":"https:\/\/choppgermaniabrooklin.com.br\/loja\/wp-json\/wp\/v2\/media\/651"}],"wp:attachment":[{"href":"https:\/\/choppgermaniabrooklin.com.br\/loja\/wp-json\/wp\/v2\/media?parent=854"}],"wp:term":[{"taxonomy":"product_cat","embeddable":true,"href":"https:\/\/choppgermaniabrooklin.com.br\/loja\/wp-json\/wp\/v2\/product_cat?post=854"},{"taxonomy":"product_tag","embeddable":true,"href":"https:\/\/choppgermaniabrooklin.com.br\/loja\/wp-json\/wp\/v2\/product_tag?post=854"}],"curies":[{"name":"wp","href":"https:\/\/api.w.org\/{rel}","templated":true}]}}