{"id":872,"date":"2020-06-08T19:42:10","date_gmt":"2020-06-08T22:42:10","guid":{"rendered":"http:\/\/choppgermaniabrooklin.com.br\/produto\/import-placeholder-for-36\/"},"modified":"2025-04-25T11:13:50","modified_gmt":"2025-04-25T14:13:50","slug":"chopp-slow-beer","status":"publish","type":"product","link":"https:\/\/choppgermaniabrooklin.com.br\/loja\/produto\/chopp-slow-beer\/","title":{"rendered":"Chopp Slow Beer"},"content":{"rendered":"<p>Fabricado de maneira artesanal, com colora\u00e7\u00e3o amarelo acobreado e amargor baixo. N\u00e3o passa pelo processo de filtra\u00e7\u00e3o, real\u00e7ando o sabor do malte e leve amargor do l\u00fapulo. Altamente refrescante.<\/p>\n","protected":false},"excerpt":{"rendered":"<p>Chopp Slow Beer<\/p>\n","protected":false},"featured_media":684,"comment_status":"open","ping_status":"closed","template":"","meta":{"_uag_custom_page_level_css":""},"product_cat":[29],"product_tag":[],"uagb_featured_image_src":{"full":["https:\/\/choppgermaniabrooklin.com.br\/loja\/wp-content\/uploads\/2020\/06\/Germania_SlowBeer_Barril.jpg",449,449,false],"thumbnail":["https:\/\/choppgermaniabrooklin.com.br\/loja\/wp-content\/uploads\/2020\/06\/Germania_SlowBeer_Barril-150x150.jpg",150,150,true],"medium":["https:\/\/choppgermaniabrooklin.com.br\/loja\/wp-content\/uploads\/2020\/06\/Germania_SlowBeer_Barril-300x300.jpg",300,300,true],"medium_large":["https:\/\/choppgermaniabrooklin.com.br\/loja\/wp-content\/uploads\/2020\/06\/Germania_SlowBeer_Barril.jpg",449,449,false],"large":["https:\/\/choppgermaniabrooklin.com.br\/loja\/wp-content\/uploads\/2020\/06\/Germania_SlowBeer_Barril.jpg",449,449,false],"1536x1536":["https:\/\/choppgermaniabrooklin.com.br\/loja\/wp-content\/uploads\/2020\/06\/Germania_SlowBeer_Barril.jpg",449,449,false],"2048x2048":["https:\/\/choppgermaniabrooklin.com.br\/loja\/wp-content\/uploads\/2020\/06\/Germania_SlowBeer_Barril.jpg",449,449,false],"woocommerce_thumbnail":["https:\/\/choppgermaniabrooklin.com.br\/loja\/wp-content\/uploads\/2020\/06\/Germania_SlowBeer_Barril-300x300.jpg",300,300,true],"woocommerce_single":["https:\/\/choppgermaniabrooklin.com.br\/loja\/wp-content\/uploads\/2020\/06\/Germania_SlowBeer_Barril.jpg",449,449,false],"woocommerce_gallery_thumbnail":["https:\/\/choppgermaniabrooklin.com.br\/loja\/wp-content\/uploads\/2020\/06\/Germania_SlowBeer_Barril-100x100.jpg",100,100,true]},"uagb_author_info":{"display_name":"super","author_link":"https:\/\/choppgermaniabrooklin.com.br\/loja\/author\/"},"uagb_comment_info":0,"uagb_excerpt":"Chopp Slow Beer","_links":{"self":[{"href":"https:\/\/choppgermaniabrooklin.com.br\/loja\/wp-json\/wp\/v2\/product\/872"}],"collection":[{"href":"https:\/\/choppgermaniabrooklin.com.br\/loja\/wp-json\/wp\/v2\/product"}],"about":[{"href":"https:\/\/choppgermaniabrooklin.com.br\/loja\/wp-json\/wp\/v2\/types\/product"}],"replies":[{"embeddable":true,"href":"https:\/\/choppgermaniabrooklin.com.br\/loja\/wp-json\/wp\/v2\/comments?post=872"}],"wp:featuredmedia":[{"embeddable":true,"href":"https:\/\/choppgermaniabrooklin.com.br\/loja\/wp-json\/wp\/v2\/media\/684"}],"wp:attachment":[{"href":"https:\/\/choppgermaniabrooklin.com.br\/loja\/wp-json\/wp\/v2\/media?parent=872"}],"wp:term":[{"taxonomy":"product_cat","embeddable":true,"href":"https:\/\/choppgermaniabrooklin.com.br\/loja\/wp-json\/wp\/v2\/product_cat?post=872"},{"taxonomy":"product_tag","embeddable":true,"href":"https:\/\/choppgermaniabrooklin.com.br\/loja\/wp-json\/wp\/v2\/product_tag?post=872"}],"curies":[{"name":"wp","href":"https:\/\/api.w.org\/{rel}","templated":true}]}}