{"id":886,"date":"2020-06-08T19:42:11","date_gmt":"2020-06-08T22:42:11","guid":{"rendered":"http:\/\/choppgermaniabrooklin.com.br\/produto\/import-placeholder-for-50\/"},"modified":"2022-12-15T19:04:08","modified_gmt":"2022-12-15T22:04:08","slug":"chopp-germania-black","status":"publish","type":"product","link":"https:\/\/choppgermaniabrooklin.com.br\/loja\/produto\/chopp-germania-black\/","title":{"rendered":"Chopp Germania Black"},"content":{"rendered":"<p>Apresenta colora\u00e7\u00e3o escura, proveniente da tosta do malte, apresenta leve dul\u00e7or e amargor percept\u00edvel, boa forma\u00e7\u00e3o e perman\u00eancia de espuma. Premiada em 2018 no beer challenger em londres. Medalha de prata.<\/p>\n","protected":false},"excerpt":{"rendered":"<p>Chopp Germania Black<\/p>\n","protected":false},"featured_media":687,"comment_status":"open","ping_status":"closed","template":"","meta":{"_uag_custom_page_level_css":""},"product_cat":[29],"product_tag":[],"uagb_featured_image_src":{"full":["https:\/\/choppgermaniabrooklin.com.br\/loja\/wp-content\/uploads\/2020\/06\/Germania_Black_Barril.jpg",449,449,false],"thumbnail":["https:\/\/choppgermaniabrooklin.com.br\/loja\/wp-content\/uploads\/2020\/06\/Germania_Black_Barril-150x150.jpg",150,150,true],"medium":["https:\/\/choppgermaniabrooklin.com.br\/loja\/wp-content\/uploads\/2020\/06\/Germania_Black_Barril-300x300.jpg",300,300,true],"medium_large":["https:\/\/choppgermaniabrooklin.com.br\/loja\/wp-content\/uploads\/2020\/06\/Germania_Black_Barril.jpg",449,449,false],"large":["https:\/\/choppgermaniabrooklin.com.br\/loja\/wp-content\/uploads\/2020\/06\/Germania_Black_Barril.jpg",449,449,false],"1536x1536":["https:\/\/choppgermaniabrooklin.com.br\/loja\/wp-content\/uploads\/2020\/06\/Germania_Black_Barril.jpg",449,449,false],"2048x2048":["https:\/\/choppgermaniabrooklin.com.br\/loja\/wp-content\/uploads\/2020\/06\/Germania_Black_Barril.jpg",449,449,false],"woocommerce_thumbnail":["https:\/\/choppgermaniabrooklin.com.br\/loja\/wp-content\/uploads\/2020\/06\/Germania_Black_Barril-300x300.jpg",300,300,true],"woocommerce_single":["https:\/\/choppgermaniabrooklin.com.br\/loja\/wp-content\/uploads\/2020\/06\/Germania_Black_Barril.jpg",449,449,false],"woocommerce_gallery_thumbnail":["https:\/\/choppgermaniabrooklin.com.br\/loja\/wp-content\/uploads\/2020\/06\/Germania_Black_Barril-100x100.jpg",100,100,true]},"uagb_author_info":{"display_name":"super","author_link":"https:\/\/choppgermaniabrooklin.com.br\/loja\/author\/"},"uagb_comment_info":0,"uagb_excerpt":"Chopp Germania Black","_links":{"self":[{"href":"https:\/\/choppgermaniabrooklin.com.br\/loja\/wp-json\/wp\/v2\/product\/886"}],"collection":[{"href":"https:\/\/choppgermaniabrooklin.com.br\/loja\/wp-json\/wp\/v2\/product"}],"about":[{"href":"https:\/\/choppgermaniabrooklin.com.br\/loja\/wp-json\/wp\/v2\/types\/product"}],"replies":[{"embeddable":true,"href":"https:\/\/choppgermaniabrooklin.com.br\/loja\/wp-json\/wp\/v2\/comments?post=886"}],"wp:featuredmedia":[{"embeddable":true,"href":"https:\/\/choppgermaniabrooklin.com.br\/loja\/wp-json\/wp\/v2\/media\/687"}],"wp:attachment":[{"href":"https:\/\/choppgermaniabrooklin.com.br\/loja\/wp-json\/wp\/v2\/media?parent=886"}],"wp:term":[{"taxonomy":"product_cat","embeddable":true,"href":"https:\/\/choppgermaniabrooklin.com.br\/loja\/wp-json\/wp\/v2\/product_cat?post=886"},{"taxonomy":"product_tag","embeddable":true,"href":"https:\/\/choppgermaniabrooklin.com.br\/loja\/wp-json\/wp\/v2\/product_tag?post=886"}],"curies":[{"name":"wp","href":"https:\/\/api.w.org\/{rel}","templated":true}]}}